{"id":17922,"date":"2022-01-27T20:20:04","date_gmt":"2022-01-27T18:20:04","guid":{"rendered":"https:\/\/eauto-zhidou.de\/?page_id=17922"},"modified":"2024-08-23T08:02:32","modified_gmt":"2024-08-23T06:02:32","slug":"unser-team","status":"publish","type":"page","link":"https:\/\/eauto-zhidou.de\/pl\/unser-team\/","title":{"rendered":"Nasz zesp\u00f3\u0142"},"content":{"rendered":"<p>[vc_row][vc_column][section_team][section_team_member image=&#8221;177&#8243; name=&#8221;Kamil Br\u00fcntrup&#8221; position=&#8221;OWNER &#038; CEO&#8221;]<strong>Tel.<\/strong>\u00a0<a href=\"tel: +49 (0) 7031 \/ 73 45 890\">+49 (0) 7031 \/ 73 45 890<\/a><br \/>\n<strong>Email<\/strong>\u00a0<a href=\"mailto: kamil@kwb-autohandel.de\">kamil@kwb-autohandel.de<\/a><\/p>\n<p><img loading=\"lazy\" style=\"float: left; margin: 4px;\" src=\"https:\/\/kwb-autohandel.de\/wp-content\/uploads\/2019\/09\/unnamed.jpg\" alt=\"\" width=\"25\" height=\"18\" \/><img loading=\"lazy\" style=\"float: left; margin: 4px;\" src=\"https:\/\/kwb-autohandel.de\/wp-content\/uploads\/2019\/09\/unnamed-1.jpg\" alt=\"\" width=\"25\" height=\"18\" \/><img loading=\"lazy\" style=\"float: left; margin: 4px;\" src=\"https:\/\/kwb-autohandel.de\/wp-content\/uploads\/2019\/09\/unnamed-2.jpg\" alt=\"\" width=\"26\" height=\"18\" \/>[\/section_team_member][section_team_member image=&#8221;176&#8243; name=&#8221;Renata Br\u00fcntrup&#8221; position=&#8221;Buchhaltung und Finanzierung&#8221;]<strong>Tel.<\/strong>\u00a0<a href=\"tel: +49 (0) 1577 1420445\">+49 (0) 1577 1420445<\/a><br \/>\n<strong>Email<\/strong>\u00a0<a href=\"mailto: renata.bruentrup@kwb-autohandel.de\">renata.bruentrup@kwb-autohandel.de<\/a><\/p>\n<p><img loading=\"lazy\" style=\"float: right; margin: 4px;\" src=\"https:\/\/kwb-autohandel.de\/wp-content\/uploads\/2019\/10\/czech.png\" alt=\"\" width=\"25\" height=\"18\" \/><img loading=\"lazy\" style=\"float: right; margin: 4px;\" src=\"https:\/\/kwb-autohandel.de\/wp-content\/uploads\/2019\/09\/unnamed-1.jpg\" alt=\"\" width=\"25\" height=\"18\" \/><img loading=\"lazy\" style=\"float: right; margin: 4px;\" src=\"https:\/\/kwb-autohandel.de\/wp-content\/uploads\/2019\/10\/slovakia.jpg\" alt=\"\" width=\"26\" height=\"18\" \/>[\/section_team_member][\/section_team][block_title title=&#8221;&#8221; titlepos=&#8221;text-left&#8221;]Sprzeda\u017c[\/block_title][section_team][section_team_member image=&#8221;174&#8243; name=&#8221;Tajjer Memet&#8221; position=&#8221;Verk\u00e4ufer&#8221;]<strong>Tel.<\/strong>\u00a0<a href=\"tel: +49 (0) 176 \/ 457 09 426\">+49 (0) 176 \/ 457 09 426<\/a><br \/>\n<strong>Email<\/strong>\u00a0<a href=\"mailto: tajjer@kwb-autohandel.de\">tajjer@kwb-autohandel.de<\/a><\/p>\n<p><img loading=\"lazy\" style=\"float: left; margin: 4px;\" src=\"https:\/\/kwb-autohandel.de\/wp-content\/uploads\/2019\/09\/unnamed-1.jpg\" alt=\"\" width=\"25\" height=\"18\" \/><img loading=\"lazy\" style=\"float: left; margin: 4px;\" src=\"https:\/\/kwb-autohandel.de\/wp-content\/uploads\/2019\/09\/unnamed-3.jpg\" alt=\"\" width=\"25\" height=\"18\" \/>[\/section_team_member][section_team_member image=&#8221;172&#8243; name=&#8221;Ivica Brebric&#8221; position=&#8221;Verk\u00e4ufer&#8221;]<strong>Tel<\/strong> <a href=\"tel: +49 (0) 177 \/ 82 88 296\">+49 (0) 177 \/ 82 88 296<\/a><br \/>\n<strong>Email<\/strong> <a href=\"mailto:ivica@kwb-autohandel.de\">ivica@kwb-autohandel.de<\/a><\/p>\n<p><img loading=\"lazy\" style=\"float: right; margin: 4px;\" src=\"https:\/\/kwb-autohandel.de\/wp-content\/uploads\/2019\/09\/unnamed-1.jpg\" alt=\"\" width=\"25\" height=\"18\" \/><img loading=\"lazy\" style=\"float: right; margin: 4px;\" src=\"https:\/\/kwb-autohandel.de\/wp-content\/uploads\/2019\/10\/croatia.jpg\" alt=\"\" width=\"25\" height=\"18\" \/><img loading=\"lazy\" style=\"float: right; margin: 4px;\" src=\"https:\/\/kwb-autohandel.de\/wp-content\/uploads\/2019\/10\/slovenien.jpeg\" alt=\"\" width=\"25\" height=\"18\" \/>[\/section_team_member][section_team_member image=&#8221;179&#8243; name=&#8221;Jorge Pedrosa&#8221; position=&#8221;Verk\u00e4ufer&#8221;]<strong>Tel.<\/strong>\u00a0<a href=\"tel: +351 (0) 965445737\">+351 (0) 965445737<\/a><br \/>\n<strong>Tel.<\/strong>\u00a0<a href=\"tel: +49 151 55786331\">+49 151 55786331<\/a><br \/>\n<strong>Email<\/strong>\u00a0<a href=\"mailto: jorge@kwb-autohandel.de\">jorge@kwb-autohandel.de<\/a><\/p>\n<p><img loading=\"lazy\" style=\"float: right; margin: 4px;\" src=\"https:\/\/kwb-autohandel.de\/wp-content\/uploads\/2019\/10\/portugal.jpg\" alt=\"\" width=\"25\" height=\"18\" \/><img loading=\"lazy\" style=\"float: right; margin: 4px;\" src=\"https:\/\/kwb-autohandel.de\/wp-content\/uploads\/2019\/10\/spain.jpg\" alt=\"\" width=\"25\" height=\"18\" \/><img loading=\"lazy\" style=\"float: right; margin: 4px;\" src=\"https:\/\/kwb-autohandel.de\/wp-content\/uploads\/2019\/09\/unnamed-1.jpg\" alt=\"\" width=\"25\" height=\"18\" \/>[\/section_team_member][\/section_team][block_title title=&#8221;&#8221; titlepos=&#8221;text-left&#8221;]Ksi\u0119gowo\u015b\u0107 i finansowanie[\/block_title][section_team][section_team_member image=&#8221;175&#8243; name=&#8221;Mariola Walek&#8221; position=&#8221;Buchhaltung&#8221;][\/section_team_member][\/section_team][block_title title=&#8221;&#8221; titlepos=&#8221;text-left&#8221;]Mechanik samochodowy[\/block_title][section_team][section_team_member image=&#8221;171&#8243; name=&#8221;Konrad Buda&#8221; position=&#8221;Kfz-Mechaniker&#8221;][\/section_team_member][\/section_team][\/vc_column][\/vc_row]<\/p>\n","protected":false},"excerpt":{"rendered":"<p>[vc_row][vc_column][section_team][section_team_member image=&#8221;177&#8243; name=&#8221;Kamil Br\u00fcntrup&#8221; position=&#8221;OWNER &#038; CEO&#8221;]Tel.\u00a0+49 (0) 7031 \/ 73 45 890 Email\u00a0kamil@kwb-autohandel.de [\/section_team_member][section_team_member image=&#8221;176&#8243; name=&#8221;Renata Br\u00fcntrup&#8221; position=&#8221;Buchhaltung und Finanzierung&#8221;]Tel.\u00a0+49 (0) 1577 1420445 Email\u00a0renata.bruentrup@kwb-autohandel.de [\/section_team_member][\/section_team][block_title title=&#8221;&#8221; titlepos=&#8221;text-left&#8221;]Sprzeda\u017c[\/block_title][section_team][section_team_member image=&#8221;174&#8243; name=&#8221;Tajjer Memet&#8221; position=&#8221;Verk\u00e4ufer&#8221;]Tel.\u00a0+49 (0) 176 \/ 457 09 426 Email\u00a0tajjer@kwb-autohandel.de [\/section_team_member][section_team_member image=&#8221;172&#8243; name=&#8221;Ivica Brebric&#8221; position=&#8221;Verk\u00e4ufer&#8221;]Tel +49 (0) 177 \/ 82 88 296 Email ivica@kwb-autohandel.de [\/section_team_member][section_team_member image=&#8221;179&#8243; [&hellip;]<\/p>\n","protected":false},"author":1,"featured_media":0,"parent":0,"menu_order":0,"comment_status":"open","ping_status":"open","template":"","meta":[],"_links":{"self":[{"href":"https:\/\/eauto-zhidou.de\/pl\/wp-json\/wp\/v2\/pages\/17922"}],"collection":[{"href":"https:\/\/eauto-zhidou.de\/pl\/wp-json\/wp\/v2\/pages"}],"about":[{"href":"https:\/\/eauto-zhidou.de\/pl\/wp-json\/wp\/v2\/types\/page"}],"author":[{"embeddable":true,"href":"https:\/\/eauto-zhidou.de\/pl\/wp-json\/wp\/v2\/users\/1"}],"replies":[{"embeddable":true,"href":"https:\/\/eauto-zhidou.de\/pl\/wp-json\/wp\/v2\/comments?post=17922"}],"version-history":[{"count":6,"href":"https:\/\/eauto-zhidou.de\/pl\/wp-json\/wp\/v2\/pages\/17922\/revisions"}],"predecessor-version":[{"id":22792,"href":"https:\/\/eauto-zhidou.de\/pl\/wp-json\/wp\/v2\/pages\/17922\/revisions\/22792"}],"wp:attachment":[{"href":"https:\/\/eauto-zhidou.de\/pl\/wp-json\/wp\/v2\/media?parent=17922"}],"curies":[{"name":"wp","href":"https:\/\/api.w.org\/{rel}","templated":true}]}}